{"id":6,"date":"2020-10-31T14:56:56","date_gmt":"2020-10-31T11:56:56","guid":{"rendered":"http:\/\/mavi.evrin.net\/?page_id=6"},"modified":"2020-10-31T14:56:56","modified_gmt":"2020-10-31T11:56:56","slug":"ana-sayfa","status":"publish","type":"page","link":"https:\/\/mavi.evrin.net\/","title":{"rendered":"Ana sayfa"},"content":{"rendered":"<div class=\"col-md-5\">\n<h3>Hestia hakk\u0131nda<\/h3>\n<p>Daha fazla ayr\u0131nt\u0131ya m\u0131 ihtiyac\u0131n\u0131z var? Hestia&#039;n\u0131n kullan\u0131m\u0131 hakk\u0131nda ayr\u0131nt\u0131l\u0131 bilgi i\u00e7in l\u00fctfen belgelendirmemize bak\u0131n.<\/p><\/div>\n<div class=\"col-md-6 col-md-offset-1\"><img decoding=\"async\" class=\"size-medium alignright\" src=\"http:\/\/mavi.evrin.net\/wp-content\/themes\/hestia\/assets\/img\/about-content.png\"\/><\/div>\n","protected":false},"excerpt":{"rendered":"<p>Hestia hakk\u0131nda Daha fazla ayr\u0131nt\u0131ya m\u0131 ihtiyac\u0131n\u0131z var? Hestia&#039;n\u0131n kullan\u0131m\u0131 hakk\u0131nda ayr\u0131nt\u0131l\u0131 bilgi i\u00e7in l\u00fctfen belgelendirmemize bak\u0131n.<\/p>\n","protected":false},"author":1,"featured_media":0,"parent":0,"menu_order":0,"comment_status":"closed","ping_status":"closed","template":"","meta":{"footnotes":""},"class_list":["post-6","page","type-page","status-publish","hentry"],"_links":{"self":[{"href":"https:\/\/mavi.evrin.net\/index.php?rest_route=\/wp\/v2\/pages\/6","targetHints":{"allow":["GET"]}}],"collection":[{"href":"https:\/\/mavi.evrin.net\/index.php?rest_route=\/wp\/v2\/pages"}],"about":[{"href":"https:\/\/mavi.evrin.net\/index.php?rest_route=\/wp\/v2\/types\/page"}],"author":[{"embeddable":true,"href":"https:\/\/mavi.evrin.net\/index.php?rest_route=\/wp\/v2\/users\/1"}],"replies":[{"embeddable":true,"href":"https:\/\/mavi.evrin.net\/index.php?rest_route=%2Fwp%2Fv2%2Fcomments&post=6"}],"version-history":[{"count":1,"href":"https:\/\/mavi.evrin.net\/index.php?rest_route=\/wp\/v2\/pages\/6\/revisions"}],"predecessor-version":[{"id":9,"href":"https:\/\/mavi.evrin.net\/index.php?rest_route=\/wp\/v2\/pages\/6\/revisions\/9"}],"wp:attachment":[{"href":"https:\/\/mavi.evrin.net\/index.php?rest_route=%2Fwp%2Fv2%2Fmedia&parent=6"}],"curies":[{"name":"wp","href":"https:\/\/api.w.org\/{rel}","templated":true}]}}